{"id":160,"date":"2024-03-26T10:48:13","date_gmt":"2024-03-26T09:48:13","guid":{"rendered":"https:\/\/back.sport-am-tankumsee.de\/?page_id=160"},"modified":"2024-03-26T20:36:37","modified_gmt":"2024-03-26T19:36:37","slug":"impressum","status":"publish","type":"page","link":"https:\/\/www.sport-am-tankumsee.de\/impressum\/","title":{"rendered":"Impressum"},"content":{"rendered":"\r\n<p><strong>Samtgemeinde Isenb\u00fcttel<\/strong><br \/>Der Samtgemeindeb\u00fcrgermeister<br \/>Gutsstra\u00dfe 11<br \/>38550 Isenb\u00fcttel<br \/>Tel.: +49 05374 88-0<br \/>Fax: +49 05374 88-80<br \/>E-Mail:\u00a0<a href=\"mailto:info@isenbuettel.de\">info@isenbuettel.de<\/a><\/p>\r\n\r\n\r\n\r\n<p>Die Samtgemeinde Isenb\u00fcttel ist eine K\u00f6rperschaft des \u00f6ffentlichen Rechts.<br \/>Sie wird vertreten durch den Samtgemeindeb\u00fcrgermeister Jannis Gaus.<br \/>Ansprechpartner f\u00fcr den Internetauftritt der Jugendf\u00f6rderung der Samtgemeinde Isenb\u00fcttel:<a href=\"mailto:thorsten.mueller@isenbuettel.de\">\u00a0Thorsten M\u00fcller<\/a><\/p>\r\n\r\n\r\n\r\n<p><strong>Haftungsausschluss<\/strong><\/p>\r\n\r\n\r\n\r\n<p><strong>1. Inhalt des Onlineangebotes\u00a0<\/strong><br \/>Die Samtgemeinde Isenb\u00fcttel \u00fcbernimmt keinerlei Gew\u00e4hr f\u00fcr die Aktualit\u00e4t, Korrektheit, Vollst\u00e4ndigkeit oder Qualit\u00e4t der bereitgestellten Informationen. Haftungsanspr\u00fcche gegen die Samtgemeinde Isenb\u00fcttel, welche sich auf Sch\u00e4den materieller oder ideeller Art beziehen, die durch die Nutzung oder Nichtnutzung der dargebotenen Informationen bzw. durch die Nutzung fehlerhafter und unvollst\u00e4ndiger Informationen verursacht wurden, sind grunds\u00e4tzlich ausgeschlossen, sofern seitens der Samtgemeinde Isenb\u00fcttel kein nachweislich vors\u00e4tzliches oder grob fahrl\u00e4ssiges Verschulden vorliegt.<br \/>Alle Angebote sind freibleibend und unverbindlich. Die Samtgemeinde Isenb\u00fcttel beh\u00e4lt es sich ausdr\u00fccklich vor, Teile der Seiten oder das gesamte Angebot ohne gesonderte Ank\u00fcndigung zu ver\u00e4ndern, zu erg\u00e4nzen, zu l\u00f6schen oder die Ver\u00f6ffentlichung zeitweise oder endg\u00fcltig einzustellen.<\/p>\r\n\r\n\r\n\r\n<p><strong>2. Verweise und Links\u00a0<\/strong><br \/>Bei direkten oder indirekten Verweisen auf fremde Internetseiten (\u201eLinks\u201c), die au\u00dferhalb des Verantwortungsbereiches der Samtgemeinde Isenb\u00fcttel liegen, w\u00fcrde eine Haftungsverpflichtung ausschlie\u00dflich in dem Fall in Kraft treten, in dem die Samtgemeinde Isenb\u00fcttel von den Inhalten Kenntnis hat und es ihr technisch m\u00f6glich und zumutbar w\u00e4re, die Nutzung im Falle rechtswidriger Inhalte zu verhindern.<\/p>\r\n\r\n\r\n\r\n<p>Die Samtgemeinde Isenb\u00fcttel erkl\u00e4rt hiermit ausdr\u00fccklich, dass zum Zeitpunkt der Linksetzung keine illegalen Inhalte auf den zu verlinkenden Seiten erkennbar waren. Auf die aktuelle und zuk\u00fcnftige Gestaltung, die Inhalte oder die Urheberschaft der verkn\u00fcpften Seiten hat die Samtgemeinde Isenb\u00fcttel keinerlei Einfluss. Diese Feststellung gilt f\u00fcr alle innerhalb des eigenen Internetangebotes gesetzten Links und Verweise. Sofern von Ihnen illegale, fehlerhafte oder unvollst\u00e4ndige Inhalte bemerkt werden, bittet Sie die Samtgemeinde Isenb\u00fcttel um sofortige Mitteilung (mailto:<a href=\"mailto:edv@isenbuettel.de\">edv@isenbuettel.de<\/a>). Eine Pr\u00fcfung erfolgt dann unverz\u00fcglich.<\/p>\r\n\r\n\r\n\r\n<p><strong>3. Urheber- und Kennzeichenrecht<\/strong><br \/>Die Samtgemeinde Isenb\u00fcttel ist bestrebt, in allen Publikationen die Urheberrechte der verwendeten Grafiken und Texte zu beachten, von ihr selbst erstellte Grafiken und Texte zu nutzen oder auf lizenzfreie Grafiken und Texte zur\u00fcck zu greifen.<\/p>\r\n\r\n\r\n\r\n<p>Alle innerhalb des Internetangebotes genannten und ggf. durch Dritte gesch\u00fctzten Marken- und Warenzeichen unterliegen uneingeschr\u00e4nkt den Bestimmungen des jeweils g\u00fcltigen Kennzeichenrechts und den Besitzrechten der jeweiligen eingetragenen Eigent\u00fcmer. Allein aufgrund der blo\u00dfen Nennung ist nicht der Schluss zu ziehen, dass Markenzeichen nicht durch Rechte Dritter gesch\u00fctzt sind!<\/p>\r\n\r\n\r\n\r\n<p>Das Copyright f\u00fcr ver\u00f6ffentlichte, von der Samtgemeinde Isenb\u00fcttel selbst erstellte Objekte bleibt allein bei der Samtgemeinde Isenb\u00fcttel. Eine Vervielf\u00e4ltigung oder Verwendung solcher Grafiken und Texte in anderen elektronischen oder gedruckten Publikationen ist ohne ausdr\u00fcckliche Zustimmung der Samtgemeinde Isenb\u00fcttel nicht gestattet.<\/p>\r\n\r\n\r\n\r\n<p><strong>4. Datenschutz\u00a0<\/strong><br \/>Sofern innerhalb des Internetangebotes die M\u00f6glichkeit zur Eingabe pers\u00f6nlicher oder gesch\u00e4ftlicher Daten (E-mail-Adressen, Namen, Anschriften) besteht, so erfolgt die Preisgabe dieser Daten seitens des Nutzers auf ausdr\u00fccklich freiwilliger Basis.<\/p>\r\n\r\n\r\n\r\n<p>Auf unseren Seiten sind Plugins des sozialen Netzwerks Facebook, 1601 South California Avenue, Palo Alto, CA 94304, USA integriert. Die Facebook-Plugins erkennen Sie an dem Facebook-Logo oder dem \u201eLike-Button\u201c (\u201eGef\u00e4llt mir\u201c) auf unserer Seite. Eine \u00dcbersicht \u00fcber die Facebook-Plugins finden Sie hier:<a href=\"http:\/\/developers.facebook.com\/docs\/plugins\/\" target=\"_blank\" rel=\"noreferrer noopener\">http:\/\/developers.facebook.com\/docs\/plugins\/<\/a>.<br \/>Wenn Sie unsere Seiten besuchen, wird \u00fcber das Plugin eine direkte Verbindung zwischen Ihrem Browser und dem Facebook-Server hergestellt. Facebook erh\u00e4lt dadurch die Information, dass Sie mit Ihrer IP-Adresse unsere Seite besucht haben. Wenn Sie den Facebook \u201eLike-Button\u201c anklicken w\u00e4hrend Sie in Ihrem Facebook-Account eingeloggt sind, k\u00f6nnen Sie die Inhalte unserer Seiten auf Ihrem Facebook-Profil verlinken. Dadurch kann Facebook den Besuch unserer Seiten Ihrem Benutzerkonto zuordnen. Wir weisen darauf hin, dass wir als Anbieter der Seiten keine Kenntnis vom Inhalt der \u00fcbermittelten Daten sowie deren Nutzung durch Facebook erhalten. Weitere Informationen hierzu finden Sie in der Datenschutzerkl\u00e4rung von facebook unter\u00a0<a href=\"http:\/\/de-de.facebook.com\/policy.php\" target=\"_blank\" rel=\"noreferrer noopener\">http:\/\/de-de.facebook.com\/policy.php<\/a><\/p>\r\n\r\n\r\n\r\n<p>Wenn Sie nicht w\u00fcnschen, dass Facebook den Besuch unserer Seiten Ihrem Facebook-Nutzerkonto zuordnen kann, loggen Sie sich bitte aus Ihrem Facebook-Benutzerkonto aus<\/p>\r\n","protected":false},"excerpt":{"rendered":"<p>Samtgemeinde Isenb\u00fcttelDer Samtgemeindeb\u00fcrgermeisterGutsstra\u00dfe 1138550 Isenb\u00fcttelTel.: +49 05374 88-0Fax: +49 05374 88-80E-Mail:\u00a0info@isenbuettel.de Die Samtgemeinde Isenb\u00fcttel ist eine K\u00f6rperschaft des \u00f6ffentlichen Rechts.Sie wird vertreten durch den Samtgemeindeb\u00fcrgermeister Jannis Gaus.Ansprechpartner f\u00fcr den Internetauftritt der Jugendf\u00f6rderung der Samtgemeinde Isenb\u00fcttel:\u00a0Thorsten M\u00fcller Haftungsausschluss 1. Inhalt des Onlineangebotes\u00a0Die Samtgemeinde Isenb\u00fcttel \u00fcbernimmt keinerlei Gew\u00e4hr f\u00fcr die Aktualit\u00e4t, Korrektheit, Vollst\u00e4ndigkeit oder Qualit\u00e4t der bereitgestellten [&hellip;]<\/p>\n","protected":false},"author":1,"featured_media":0,"parent":0,"menu_order":0,"comment_status":"closed","ping_status":"closed","template":"","meta":{"ngg_post_thumbnail":0,"_themeisle_gutenberg_block_has_review":false,"footnotes":""},"class_list":["post-160","page","type-page","status-publish","hentry"],"_links":{"self":[{"href":"https:\/\/www.sport-am-tankumsee.de\/wp-json\/wp\/v2\/pages\/160","targetHints":{"allow":["GET"]}}],"collection":[{"href":"https:\/\/www.sport-am-tankumsee.de\/wp-json\/wp\/v2\/pages"}],"about":[{"href":"https:\/\/www.sport-am-tankumsee.de\/wp-json\/wp\/v2\/types\/page"}],"author":[{"embeddable":true,"href":"https:\/\/www.sport-am-tankumsee.de\/wp-json\/wp\/v2\/users\/1"}],"replies":[{"embeddable":true,"href":"https:\/\/www.sport-am-tankumsee.de\/wp-json\/wp\/v2\/comments?post=160"}],"version-history":[{"count":3,"href":"https:\/\/www.sport-am-tankumsee.de\/wp-json\/wp\/v2\/pages\/160\/revisions"}],"predecessor-version":[{"id":446,"href":"https:\/\/www.sport-am-tankumsee.de\/wp-json\/wp\/v2\/pages\/160\/revisions\/446"}],"wp:attachment":[{"href":"https:\/\/www.sport-am-tankumsee.de\/wp-json\/wp\/v2\/media?parent=160"}],"curies":[{"name":"wp","href":"https:\/\/api.w.org\/{rel}","templated":true}]}}